{"id":1015,"date":"2024-03-04T10:27:09","date_gmt":"2024-03-04T10:27:09","guid":{"rendered":"https:\/\/mb-sjm.com\/v2\/?page_id=1015"},"modified":"2024-03-20T12:30:44","modified_gmt":"2024-03-20T12:30:44","slug":"atelier-criativo","status":"publish","type":"page","link":"https:\/\/mb-sjm.com\/v2\/atelier-criativo\/","title":{"rendered":"Atelier Criativo"},"content":{"rendered":"\n\n\n<p class=\"MsoNormal\" style=\"text-align:justify\"><o:p>&nbsp;<\/o:p><\/p><p class=\"MsoNormal\" style=\"text-align:justify\">O Atelier Criativo trabalha a\ncriatividade, a imagina\u00e7\u00e3o e a motricidade fina. Podemos descrever a motricidade\nfina como a habilidade de utilizar de maneira eficiente, precisa e controlada,\nos pequenos m\u00fasculos do nosso corpo, em particular os m\u00fasculos da m\u00e3o e dos\ndedos. O desenvolvimento desta compet\u00eancia na idade pr\u00e9-escolar, torna-se\ncrucial para todas as atividades que ser\u00e3o realizadas a n\u00edvel escolar, como escrever,\npintar, desenhar, recortar, encaixar, montar e desmontar, abotoar e desabotoar,\nusando o c\u00e9rebro, os m\u00fasculos e as articula\u00e7\u00f5es. O seguinte exemplo, aplicado a\nduas crian\u00e7as com a mesma idade demonstra a import\u00e2ncia de trabalhar a motricidade\nfina e as implica\u00e7\u00f5es que poder\u00e3o ter no sucesso educativo de uma crian\u00e7a.\nNeste caso concreto a caligrafia, que ter\u00e1 implica\u00e7\u00e3o diversas no contexto\nescolar.<\/p><p class=\"MsoNormal\" style=\"text-align:justify\"><o:p><\/o:p><\/p>\n<p>Lorem Ipsum has been the industry&#8217;s standard dummy text ever since the 1500s.<\/p>\n\n\n\n\n\n<p [object NamedNodeMap]>As teses de Mestrado de <a href=\"https:\/\/comum.rcaap.pt\/handle\/10400.26\/32312\">Ana Lu\u00edsa Aires Veneza, Coimbra 2020 <\/a>e <a href=\"https:\/\/repositorio.uac.pt\/bitstream\/10400.3\/6758\/1\/DissertMestrado_Mariana%20Santos%20Marques%20Paquete.pdf\">Mariana Santos Marques Paquete 2022<\/a>\u00a0, s\u00e3o apenas alguns dos exemplos da import\u00e2ncia do Atelier Criativo.<\/p>\n\n\n<h2>GALERIA<\/h2>\n\n\n\n\n\n<p [object NamedNodeMap]><span style=\"font-size: 20px; color: rgb(255, 255, 255);\">DETAILS<\/span><\/p>\n\n\n<p [object NamedNodeMap]><span style=\"color: rgb(255, 255, 255);\">DETAILS<\/span><\/p>\n\n\n\n\n<p [object NamedNodeMap]><span style=\"color: rgb(255, 255, 255); font-size: 20px;\">DETAILS<\/span><\/p>\n\n\n<p [object NamedNodeMap]><span style=\"background-color: transparent; color: rgb(255, 255, 255);\">DETAILS<\/span><\/p>\n\n\n\n\n<p [object NamedNodeMap]><span style=\"color: rgb(255, 255, 255); font-size: 20px;\">DETAILS<\/span><\/p>\n\n\n<p [object NamedNodeMap]><span style=\"background-color: transparent; font-size: 20px; color: rgb(255, 255, 255);\">DETAILS<\/span><\/p>\n\n\n\n\n\n","protected":false},"excerpt":{"rendered":"","protected":false},"author":2,"featured_media":0,"parent":0,"menu_order":0,"comment_status":"closed","ping_status":"closed","template":"","meta":{"pagelayer_contact_templates":[],"_pagelayer_content":"","footnotes":""},"class_list":["post-1015","page","type-page","status-publish","hentry"],"_links":{"self":[{"href":"https:\/\/mb-sjm.com\/v2\/wp-json\/wp\/v2\/pages\/1015","targetHints":{"allow":["GET"]}}],"collection":[{"href":"https:\/\/mb-sjm.com\/v2\/wp-json\/wp\/v2\/pages"}],"about":[{"href":"https:\/\/mb-sjm.com\/v2\/wp-json\/wp\/v2\/types\/page"}],"author":[{"embeddable":true,"href":"https:\/\/mb-sjm.com\/v2\/wp-json\/wp\/v2\/users\/2"}],"replies":[{"embeddable":true,"href":"https:\/\/mb-sjm.com\/v2\/wp-json\/wp\/v2\/comments?post=1015"}],"version-history":[{"count":5,"href":"https:\/\/mb-sjm.com\/v2\/wp-json\/wp\/v2\/pages\/1015\/revisions"}],"predecessor-version":[{"id":1280,"href":"https:\/\/mb-sjm.com\/v2\/wp-json\/wp\/v2\/pages\/1015\/revisions\/1280"}],"wp:attachment":[{"href":"https:\/\/mb-sjm.com\/v2\/wp-json\/wp\/v2\/media?parent=1015"}],"curies":[{"name":"wp","href":"https:\/\/api.w.org\/{rel}","templated":true}]}}